{"id":6016,"date":"2022-10-25T15:30:13","date_gmt":"2022-10-25T12:30:13","guid":{"rendered":"https:\/\/savunma.spcstrategic.com.tr\/?page_id=6016"},"modified":"2022-11-21T22:00:41","modified_gmt":"2022-11-21T19:00:41","slug":"kurumsal","status":"publish","type":"page","link":"https:\/\/savunma.spcstrategic.com.tr\/en\/kurumsal\/","title":{"rendered":"Corporate"},"content":{"rendered":"<div id=\"fws_69e1aa5f109bf\"  data-column-margin=\"default\" data-midnight=\"dark\"  class=\"wpb_row vc_row-fluid vc_row\"  style=\"padding-top: 0px; padding-bottom: 0px; \"><div class=\"row-bg-wrap\" data-bg-animation=\"none\" data-bg-overlay=\"false\"><div class=\"inner-wrap\"><div class=\"row-bg\"  style=\"\"><\/div><\/div><\/div><div class=\"row_col_wrap_12 col span_12 dark left\">\n\t<div  class=\"vc_col-sm-12 wpb_column column_container vc_column_container col no-extra-padding inherit_tablet inherit_phone\"  data-padding-pos=\"all\" data-has-bg-color=\"false\" data-bg-color=\"\" data-bg-opacity=\"1\" data-animation=\"\" data-delay=\"0\" >\n\t\t<div class=\"vc_column-inner\" >\n\t\t\t<div class=\"wpb_wrapper\">\n\t\t\t\t\r\n<div class=\"nectar-animated-title\" data-style=\"hinge-drop\" data-color=\"extra-color-3\">\r\n\t<div class=\"nectar-animated-title-outer\">\r\n\t\t<div class=\"nectar-animated-title-inner\">\r\n\t\t\t<div class=\"wrap\"><h3 style=\"color: #ffffff;\">Corporate<\/h3><\/div>\r\n\t\t<\/div>\r\n\t<\/div>\r\n<\/div>\n\t\t\t<\/div> \n\t\t<\/div>\n\t<\/div> \n<\/div><\/div>\r\n\t\t<div id=\"fws_69e1aa5f11217\"  data-column-margin=\"default\" data-midnight=\"dark\"  class=\"wpb_row vc_row-fluid vc_row\"  style=\"padding-top: 0px; padding-bottom: 0px; \"><div class=\"row-bg-wrap\" data-bg-animation=\"none\" data-bg-overlay=\"false\"><div class=\"inner-wrap\"><div class=\"row-bg\"  style=\"\"><\/div><\/div><\/div><div class=\"row_col_wrap_12 col span_12 dark left\">\n\t<div  class=\"vc_col-sm-6 wpb_column column_container vc_column_container col no-extra-padding inherit_tablet inherit_phone\"  data-padding-pos=\"all\" data-has-bg-color=\"false\" data-bg-color=\"\" data-bg-opacity=\"1\" data-animation=\"\" data-delay=\"0\" >\n\t\t<div class=\"vc_column-inner\" >\n\t\t\t<div class=\"wpb_wrapper\">\n\t\t\t\t<div class=\"img-with-aniamtion-wrap\" data-max-width=\"100%\" data-max-width-mobile=\"default\" data-shadow=\"none\" data-animation=\"grow-in\" >\r\n      <div class=\"inner\">\r\n        <div class=\"hover-wrap\"> \r\n          <div class=\"hover-wrap-inner\">\r\n            <img loading=\"lazy\" decoding=\"async\" class=\"img-with-animation skip-lazy\" data-delay=\"0\" height=\"400\" width=\"889\" data-animation=\"grow-in\" src=\"https:\/\/savunma.spcstrategic.com.tr\/wp-content\/uploads\/2022\/11\/Ana-Sayfa-Alternatif-Kurumsal-e1668098221448.jpg\" alt=\"\" srcset=\"https:\/\/savunma.spcstrategic.com.tr\/wp-content\/uploads\/2022\/11\/Ana-Sayfa-Alternatif-Kurumsal-e1668098221448.jpg 889w, https:\/\/savunma.spcstrategic.com.tr\/wp-content\/uploads\/2022\/11\/Ana-Sayfa-Alternatif-Kurumsal-e1668098221448-300x135.jpg 300w, https:\/\/savunma.spcstrategic.com.tr\/wp-content\/uploads\/2022\/11\/Ana-Sayfa-Alternatif-Kurumsal-e1668098221448-768x346.jpg 768w, https:\/\/savunma.spcstrategic.com.tr\/wp-content\/uploads\/2022\/11\/Ana-Sayfa-Alternatif-Kurumsal-e1668098221448-18x8.jpg 18w\" sizes=\"auto, (min-width: 1450px) 75vw, (min-width: 1000px) 85vw, 100vw\" \/>\r\n          <\/div>\r\n        <\/div>\r\n      <\/div>\r\n    <\/div>\r\n<div class=\"wpb_text_column wpb_content_element\" >\r\n\t<div class=\"wpb_wrapper\">\r\n\t\t<div style=\"text-align: justify;\">Our experience in the field of Defense Industry is our biggest advantage. In line with the customer's demands, the most appropriate project is implemented and followed up with fast deadlines.<\/div>\n\t<\/div>\r\n<\/div>\r\n\r\n\r\n\r\n\n\t\t\t<\/div> \n\t\t<\/div>\n\t<\/div> \n\n\t<div  class=\"vc_col-sm-6 wpb_column column_container vc_column_container col no-extra-padding inherit_tablet inherit_phone\"  data-padding-pos=\"all\" data-has-bg-color=\"false\" data-bg-color=\"\" data-bg-opacity=\"1\" data-animation=\"\" data-delay=\"0\" >\n\t\t<div class=\"vc_column-inner\" >\n\t\t\t<div class=\"wpb_wrapper\">\n\t\t\t\t\r\n<div class=\"wpb_text_column wpb_content_element\" >\r\n\t<div class=\"wpb_wrapper\">\r\n\t\t<div style=\"text-align: justify;\">SPC Strategic company has been acting as a represantative agent for local and international defence companies in T\u00fcrkiye and around for more than a decade succesfully.We are both agents and consultants for our clients due to our expertise in the sector and offering tailor made instant solutions for any kind of enquiries and projects as well as providing test center services for  international accreditation purposes.<\/div>\n<div style=\"text-align: justify;\">We are highly specialised in MRAP\u2019s , Howitzers , TOMA\u2019s , Low and Middle Altitude Missile Ramps , Navigation Systems for Land and Sea and CBRN systems , Navigation Systems together with special purpose ammunition and all kinds of disposibles.<\/div>\n\t<\/div>\r\n<\/div>\r\n\r\n\r\n\r\n\n\t\t\t<\/div> \n\t\t<\/div>\n\t<\/div> \n<\/div><\/div>","protected":false},"excerpt":{"rendered":"Kurumsal Savunma Sanayii alan\u0131nda sahip oldu\u011fumuz tecr\u00fcbe en b\u00fcy\u00fck avantaj\u0131m\u0131zd\u0131r. M\u00fc\u015fterinin talepleri do\u011frultusunda en uygun proje h\u0131zl\u0131 termin ile hayata ge\u00e7irilmekte ve takip edilmektedir. SPC Stratejik Dan\u0131\u015fmal\u0131k Otomotiv alan\u0131nda uzmanla\u015fm\u0131\u015f...","protected":false},"author":6,"featured_media":0,"parent":0,"menu_order":0,"comment_status":"closed","ping_status":"closed","template":"","meta":{"footnotes":""},"class_list":["post-6016","page","type-page","status-publish"],"_links":{"self":[{"href":"https:\/\/savunma.spcstrategic.com.tr\/en\/wp-json\/wp\/v2\/pages\/6016","targetHints":{"allow":["GET"]}}],"collection":[{"href":"https:\/\/savunma.spcstrategic.com.tr\/en\/wp-json\/wp\/v2\/pages"}],"about":[{"href":"https:\/\/savunma.spcstrategic.com.tr\/en\/wp-json\/wp\/v2\/types\/page"}],"author":[{"embeddable":true,"href":"https:\/\/savunma.spcstrategic.com.tr\/en\/wp-json\/wp\/v2\/users\/6"}],"replies":[{"embeddable":true,"href":"https:\/\/savunma.spcstrategic.com.tr\/en\/wp-json\/wp\/v2\/comments?post=6016"}],"version-history":[{"count":17,"href":"https:\/\/savunma.spcstrategic.com.tr\/en\/wp-json\/wp\/v2\/pages\/6016\/revisions"}],"predecessor-version":[{"id":6157,"href":"https:\/\/savunma.spcstrategic.com.tr\/en\/wp-json\/wp\/v2\/pages\/6016\/revisions\/6157"}],"wp:attachment":[{"href":"https:\/\/savunma.spcstrategic.com.tr\/en\/wp-json\/wp\/v2\/media?parent=6016"}],"curies":[{"name":"wp","href":"https:\/\/api.w.org\/{rel}","templated":true}]}}