{"id":6022,"date":"2022-10-25T15:32:28","date_gmt":"2022-10-25T12:32:28","guid":{"rendered":"https:\/\/savunma.spcstrategic.com.tr\/?page_id=6022"},"modified":"2023-03-28T12:59:09","modified_gmt":"2023-03-28T09:59:09","slug":"urunler-hizmetler","status":"publish","type":"page","link":"https:\/\/savunma.spcstrategic.com.tr\/en\/urunler-hizmetler\/","title":{"rendered":"\u00dcr\u00fcnler &#8211; Hizmetler"},"content":{"rendered":"<div id=\"fws_69e1aa5e0491d\"  data-column-margin=\"default\" data-midnight=\"dark\"  class=\"wpb_row vc_row-fluid vc_row\"  style=\"padding-top: 0px; padding-bottom: 0px; \"><div class=\"row-bg-wrap\" data-bg-animation=\"none\" data-bg-overlay=\"false\"><div class=\"inner-wrap\"><div class=\"row-bg\"  style=\"\"><\/div><\/div><\/div><div class=\"row_col_wrap_12 col span_12 dark left\">\n\t<div  class=\"vc_col-sm-12 wpb_column column_container vc_column_container col no-extra-padding inherit_tablet inherit_phone\"  data-padding-pos=\"all\" data-has-bg-color=\"false\" data-bg-color=\"\" data-bg-opacity=\"1\" data-animation=\"\" data-delay=\"0\" >\n\t\t<div class=\"vc_column-inner\" >\n\t\t\t<div class=\"wpb_wrapper\">\n\t\t\t\t\r\n<div class=\"nectar-animated-title\" data-style=\"hinge-drop\" data-color=\"extra-color-3\">\r\n\t<div class=\"nectar-animated-title-outer\">\r\n\t\t<div class=\"nectar-animated-title-inner\">\r\n\t\t\t<div class=\"wrap\"><h3 style=\"color: #ffffff;\">Products<\/h3><\/div>\r\n\t\t<\/div>\r\n\t<\/div>\r\n<\/div><div id=\"fws_69e1aa5e05186\" data-midnight=\"\" data-column-margin=\"default\" class=\"wpb_row vc_row-fluid vc_row inner_row\"  style=\"\"><div class=\"row-bg-wrap\"> <div class=\"row-bg\" ><\/div> <\/div><div class=\"row_col_wrap_12_inner col span_12  left\">\n\t<div  class=\"vc_col-sm-6 wpb_column column_container vc_column_container col child_column no-extra-padding inherit_tablet inherit_phone\"   data-padding-pos=\"all\" data-has-bg-color=\"false\" data-bg-color=\"\" data-bg-opacity=\"1\" data-animation=\"\" data-delay=\"0\">\n\t\t<div class=\"vc_column-inner\" >\n\t\t<div class=\"wpb_wrapper\">\n\t\t\t<div class=\"vc_separator wpb_content_element vc_separator_align_center vc_sep_width_100 vc_sep_pos_align_center vc_sep_color_grey vc_separator-has-text\" ><span class=\"vc_sep_holder vc_sep_holder_l\"><span  class=\"vc_sep_line\"><\/span><\/span><h4>MRAP's<\/h4><span class=\"vc_sep_holder vc_sep_holder_r\"><span  class=\"vc_sep_line\"><\/span><\/span>\n<\/div><div class=\"img-with-aniamtion-wrap\" data-max-width=\"100%\" data-max-width-mobile=\"default\" data-shadow=\"none\" data-animation=\"fade-in\" >\r\n      <div class=\"inner\">\r\n        <div class=\"hover-wrap\"> \r\n          <div class=\"hover-wrap-inner\">\r\n            <img loading=\"lazy\" decoding=\"async\" class=\"img-with-animation skip-lazy\" data-delay=\"0\" height=\"480\" width=\"1200\" data-animation=\"fade-in\" src=\"https:\/\/savunma.spcstrategic.com.tr\/wp-content\/uploads\/2022\/11\/mayina-1.jpg\" alt=\"\" srcset=\"https:\/\/savunma.spcstrategic.com.tr\/wp-content\/uploads\/2022\/11\/mayina-1.jpg 1200w, https:\/\/savunma.spcstrategic.com.tr\/wp-content\/uploads\/2022\/11\/mayina-1-300x120.jpg 300w, https:\/\/savunma.spcstrategic.com.tr\/wp-content\/uploads\/2022\/11\/mayina-1-1024x410.jpg 1024w, https:\/\/savunma.spcstrategic.com.tr\/wp-content\/uploads\/2022\/11\/mayina-1-768x307.jpg 768w, https:\/\/savunma.spcstrategic.com.tr\/wp-content\/uploads\/2022\/11\/mayina-1-18x7.jpg 18w\" sizes=\"auto, (min-width: 1450px) 75vw, (min-width: 1000px) 85vw, 100vw\" \/>\r\n          <\/div>\r\n        <\/div>\r\n      <\/div>\r\n    <\/div>\n\t\t<\/div> \n\t<\/div>\n\t<\/div> \n\n\t<div  class=\"vc_col-sm-6 wpb_column column_container vc_column_container col child_column no-extra-padding inherit_tablet inherit_phone\"   data-padding-pos=\"all\" data-has-bg-color=\"false\" data-bg-color=\"\" data-bg-opacity=\"1\" data-animation=\"\" data-delay=\"0\">\n\t\t<div class=\"vc_column-inner\" >\n\t\t<div class=\"wpb_wrapper\">\n\t\t\t<div class=\"vc_separator wpb_content_element vc_separator_align_center vc_sep_width_100 vc_sep_pos_align_center vc_sep_color_grey vc_separator-has-text\" ><span class=\"vc_sep_holder vc_sep_holder_l\"><span  class=\"vc_sep_line\"><\/span><\/span><h4>HOWITZERS<\/h4><span class=\"vc_sep_holder vc_sep_holder_r\"><span  class=\"vc_sep_line\"><\/span><\/span>\n<\/div><div class=\"img-with-aniamtion-wrap\" data-max-width=\"100%\" data-max-width-mobile=\"default\" data-shadow=\"none\" data-animation=\"fade-in\" >\r\n      <div class=\"inner\">\r\n        <div class=\"hover-wrap\"> \r\n          <div class=\"hover-wrap-inner\">\r\n            <img loading=\"lazy\" decoding=\"async\" class=\"img-with-animation skip-lazy\" data-delay=\"0\" height=\"480\" width=\"1200\" data-animation=\"fade-in\" src=\"https:\/\/savunma.spcstrategic.com.tr\/wp-content\/uploads\/2022\/11\/obus.jpg\" alt=\"\" srcset=\"https:\/\/savunma.spcstrategic.com.tr\/wp-content\/uploads\/2022\/11\/obus.jpg 1200w, https:\/\/savunma.spcstrategic.com.tr\/wp-content\/uploads\/2022\/11\/obus-300x120.jpg 300w, https:\/\/savunma.spcstrategic.com.tr\/wp-content\/uploads\/2022\/11\/obus-1024x410.jpg 1024w, https:\/\/savunma.spcstrategic.com.tr\/wp-content\/uploads\/2022\/11\/obus-768x307.jpg 768w, https:\/\/savunma.spcstrategic.com.tr\/wp-content\/uploads\/2022\/11\/obus-18x7.jpg 18w\" sizes=\"auto, (min-width: 1450px) 75vw, (min-width: 1000px) 85vw, 100vw\" \/>\r\n          <\/div>\r\n        <\/div>\r\n      <\/div>\r\n    <\/div>\n\t\t<\/div> \n\t<\/div>\n\t<\/div> \n<\/div><\/div><div id=\"fws_69e1aa5e066f1\" data-midnight=\"\" data-column-margin=\"default\" class=\"wpb_row vc_row-fluid vc_row inner_row\"  style=\"\"><div class=\"row-bg-wrap\"> <div class=\"row-bg\" ><\/div> <\/div><div class=\"row_col_wrap_12_inner col span_12  left\">\n\t<div  class=\"vc_col-sm-6 wpb_column column_container vc_column_container col child_column no-extra-padding inherit_tablet inherit_phone\"   data-padding-pos=\"all\" data-has-bg-color=\"false\" data-bg-color=\"\" data-bg-opacity=\"1\" data-animation=\"\" data-delay=\"0\">\n\t\t<div class=\"vc_column-inner\" >\n\t\t<div class=\"wpb_wrapper\">\n\t\t\t<div class=\"vc_separator wpb_content_element vc_separator_align_center vc_sep_width_100 vc_sep_pos_align_center vc_sep_color_grey vc_separator-has-text\" ><span class=\"vc_sep_holder vc_sep_holder_l\"><span  class=\"vc_sep_line\"><\/span><\/span><h4>Riot Control Vehicle (RCV)<\/h4><span class=\"vc_sep_holder vc_sep_holder_r\"><span  class=\"vc_sep_line\"><\/span><\/span>\n<\/div><div class=\"img-with-aniamtion-wrap\" data-max-width=\"100%\" data-max-width-mobile=\"default\" data-shadow=\"none\" data-animation=\"fade-in\" >\r\n      <div class=\"inner\">\r\n        <div class=\"hover-wrap\"> \r\n          <div class=\"hover-wrap-inner\">\r\n            <img loading=\"lazy\" decoding=\"async\" class=\"img-with-animation skip-lazy\" data-delay=\"0\" height=\"480\" width=\"1200\" data-animation=\"fade-in\" src=\"https:\/\/savunma.spcstrategic.com.tr\/wp-content\/uploads\/2022\/11\/toma-1.jpg\" alt=\"\" srcset=\"https:\/\/savunma.spcstrategic.com.tr\/wp-content\/uploads\/2022\/11\/toma-1.jpg 1200w, https:\/\/savunma.spcstrategic.com.tr\/wp-content\/uploads\/2022\/11\/toma-1-300x120.jpg 300w, https:\/\/savunma.spcstrategic.com.tr\/wp-content\/uploads\/2022\/11\/toma-1-1024x410.jpg 1024w, https:\/\/savunma.spcstrategic.com.tr\/wp-content\/uploads\/2022\/11\/toma-1-768x307.jpg 768w, https:\/\/savunma.spcstrategic.com.tr\/wp-content\/uploads\/2022\/11\/toma-1-18x7.jpg 18w\" sizes=\"auto, (min-width: 1450px) 75vw, (min-width: 1000px) 85vw, 100vw\" \/>\r\n          <\/div>\r\n        <\/div>\r\n      <\/div>\r\n    <\/div>\n\t\t<\/div> \n\t<\/div>\n\t<\/div> \n\n\t<div  class=\"vc_col-sm-6 wpb_column column_container vc_column_container col child_column no-extra-padding inherit_tablet inherit_phone\"   data-padding-pos=\"all\" data-has-bg-color=\"false\" data-bg-color=\"\" data-bg-opacity=\"1\" data-animation=\"\" data-delay=\"0\">\n\t\t<div class=\"vc_column-inner\" >\n\t\t<div class=\"wpb_wrapper\">\n\t\t\t<div class=\"vc_separator wpb_content_element vc_separator_align_center vc_sep_width_100 vc_sep_pos_align_center vc_sep_color_grey vc_separator-has-text\" ><span class=\"vc_sep_holder vc_sep_holder_l\"><span  class=\"vc_sep_line\"><\/span><\/span><h4>Low and Middle Altitude Missile Ramps<\/h4><span class=\"vc_sep_holder vc_sep_holder_r\"><span  class=\"vc_sep_line\"><\/span><\/span>\n<\/div><div class=\"img-with-aniamtion-wrap\" data-max-width=\"100%\" data-max-width-mobile=\"default\" data-shadow=\"none\" data-animation=\"fade-in\" >\r\n      <div class=\"inner\">\r\n        <div class=\"hover-wrap\"> \r\n          <div class=\"hover-wrap-inner\">\r\n            <img loading=\"lazy\" decoding=\"async\" class=\"img-with-animation skip-lazy\" data-delay=\"0\" height=\"480\" width=\"1200\" data-animation=\"fade-in\" src=\"https:\/\/savunma.spcstrategic.com.tr\/wp-content\/uploads\/2022\/11\/Alcak-Orta-Irtifa-Fuze-Rampalari.jpg\" alt=\"\" srcset=\"https:\/\/savunma.spcstrategic.com.tr\/wp-content\/uploads\/2022\/11\/Alcak-Orta-Irtifa-Fuze-Rampalari.jpg 1200w, https:\/\/savunma.spcstrategic.com.tr\/wp-content\/uploads\/2022\/11\/Alcak-Orta-Irtifa-Fuze-Rampalari-300x120.jpg 300w, https:\/\/savunma.spcstrategic.com.tr\/wp-content\/uploads\/2022\/11\/Alcak-Orta-Irtifa-Fuze-Rampalari-1024x410.jpg 1024w, https:\/\/savunma.spcstrategic.com.tr\/wp-content\/uploads\/2022\/11\/Alcak-Orta-Irtifa-Fuze-Rampalari-768x307.jpg 768w, https:\/\/savunma.spcstrategic.com.tr\/wp-content\/uploads\/2022\/11\/Alcak-Orta-Irtifa-Fuze-Rampalari-18x7.jpg 18w\" sizes=\"auto, (min-width: 1450px) 75vw, (min-width: 1000px) 85vw, 100vw\" \/>\r\n          <\/div>\r\n        <\/div>\r\n      <\/div>\r\n    <\/div>\n\t\t<\/div> \n\t<\/div>\n\t<\/div> \n<\/div><\/div><div id=\"fws_69e1aa5e07778\" data-midnight=\"\" data-column-margin=\"default\" class=\"wpb_row vc_row-fluid vc_row inner_row\"  style=\"\"><div class=\"row-bg-wrap\"> <div class=\"row-bg\" ><\/div> <\/div><div class=\"row_col_wrap_12_inner col span_12  left\">\n\t<div  class=\"vc_col-sm-6 wpb_column column_container vc_column_container col child_column no-extra-padding inherit_tablet inherit_phone\"   data-padding-pos=\"all\" data-has-bg-color=\"false\" data-bg-color=\"\" data-bg-opacity=\"1\" data-animation=\"\" data-delay=\"0\">\n\t\t<div class=\"vc_column-inner\" >\n\t\t<div class=\"wpb_wrapper\">\n\t\t\t<div class=\"vc_separator wpb_content_element vc_separator_align_center vc_sep_width_100 vc_sep_pos_align_center vc_sep_color_grey vc_separator-has-text\" ><span class=\"vc_sep_holder vc_sep_holder_l\"><span  class=\"vc_sep_line\"><\/span><\/span><h4>Navigation Systems<\/h4><span class=\"vc_sep_holder vc_sep_holder_r\"><span  class=\"vc_sep_line\"><\/span><\/span>\n<\/div><div class=\"img-with-aniamtion-wrap\" data-max-width=\"100%\" data-max-width-mobile=\"default\" data-shadow=\"none\" data-animation=\"fade-in\" >\r\n      <div class=\"inner\">\r\n        <div class=\"hover-wrap\"> \r\n          <div class=\"hover-wrap-inner\">\r\n            <img loading=\"lazy\" decoding=\"async\" class=\"img-with-animation skip-lazy\" data-delay=\"0\" height=\"480\" width=\"1200\" data-animation=\"fade-in\" src=\"https:\/\/savunma.spcstrategic.com.tr\/wp-content\/uploads\/2022\/11\/radar.jpg\" alt=\"\" srcset=\"https:\/\/savunma.spcstrategic.com.tr\/wp-content\/uploads\/2022\/11\/radar.jpg 1200w, https:\/\/savunma.spcstrategic.com.tr\/wp-content\/uploads\/2022\/11\/radar-300x120.jpg 300w, https:\/\/savunma.spcstrategic.com.tr\/wp-content\/uploads\/2022\/11\/radar-1024x410.jpg 1024w, https:\/\/savunma.spcstrategic.com.tr\/wp-content\/uploads\/2022\/11\/radar-768x307.jpg 768w, https:\/\/savunma.spcstrategic.com.tr\/wp-content\/uploads\/2022\/11\/radar-18x7.jpg 18w\" sizes=\"auto, (min-width: 1450px) 75vw, (min-width: 1000px) 85vw, 100vw\" \/>\r\n          <\/div>\r\n        <\/div>\r\n      <\/div>\r\n    <\/div>\n\t\t<\/div> \n\t<\/div>\n\t<\/div> \n\n\t<div  class=\"vc_col-sm-6 wpb_column column_container vc_column_container col child_column no-extra-padding inherit_tablet inherit_phone\"   data-padding-pos=\"all\" data-has-bg-color=\"false\" data-bg-color=\"\" data-bg-opacity=\"1\" data-animation=\"\" data-delay=\"0\">\n\t\t<div class=\"vc_column-inner\" >\n\t\t<div class=\"wpb_wrapper\">\n\t\t\t<div class=\"vc_separator wpb_content_element vc_separator_align_center vc_sep_width_100 vc_sep_pos_align_center vc_sep_color_grey vc_separator-has-text\" ><span class=\"vc_sep_holder vc_sep_holder_l\"><span  class=\"vc_sep_line\"><\/span><\/span><h4>CBRN Systems<\/h4><span class=\"vc_sep_holder vc_sep_holder_r\"><span  class=\"vc_sep_line\"><\/span><\/span>\n<\/div><div class=\"img-with-aniamtion-wrap\" data-max-width=\"100%\" data-max-width-mobile=\"default\" data-shadow=\"none\" data-animation=\"fade-in\" >\r\n      <div class=\"inner\">\r\n        <div class=\"hover-wrap\"> \r\n          <div class=\"hover-wrap-inner\">\r\n            <img loading=\"lazy\" decoding=\"async\" class=\"img-with-animation skip-lazy\" data-delay=\"0\" height=\"480\" width=\"1200\" data-animation=\"fade-in\" src=\"https:\/\/savunma.spcstrategic.com.tr\/wp-content\/uploads\/2022\/11\/slayt_0000_Layer-9.jpg\" alt=\"\" srcset=\"https:\/\/savunma.spcstrategic.com.tr\/wp-content\/uploads\/2022\/11\/slayt_0000_Layer-9.jpg 1200w, https:\/\/savunma.spcstrategic.com.tr\/wp-content\/uploads\/2022\/11\/slayt_0000_Layer-9-300x120.jpg 300w, https:\/\/savunma.spcstrategic.com.tr\/wp-content\/uploads\/2022\/11\/slayt_0000_Layer-9-1024x410.jpg 1024w, https:\/\/savunma.spcstrategic.com.tr\/wp-content\/uploads\/2022\/11\/slayt_0000_Layer-9-768x307.jpg 768w, https:\/\/savunma.spcstrategic.com.tr\/wp-content\/uploads\/2022\/11\/slayt_0000_Layer-9-18x7.jpg 18w\" sizes=\"auto, (min-width: 1450px) 75vw, (min-width: 1000px) 85vw, 100vw\" \/>\r\n          <\/div>\r\n        <\/div>\r\n      <\/div>\r\n    <\/div>\n\t\t<\/div> \n\t<\/div>\n\t<\/div> \n<\/div><\/div>\r\n<div class=\"wpb_text_column wpb_content_element\" >\r\n\t<div class=\"wpb_wrapper\">\r\n\t\t<p>We provide Tactical Vehicle Cases, Mine Resistant Cranes, Hydraulic Leveling, Platforms, Special Purpose Ammunition, Military Drones, Military Consumables, Tender Consultancy products and services.<\/p>\n<p>2023<\/p>\n\t<\/div>\r\n<\/div>\r\n\r\n\r\n\r\n\n\t\t\t<\/div> \n\t\t<\/div>\n\t<\/div> \n<\/div><\/div>","protected":false},"excerpt":{"rendered":"\u00dcr\u00fcnler May\u0131na Dayan\u0131kl\u0131 Askeri Ara\u00e7lar Ob\u00fcs TOMA Toplumsal Olaylara M\u00fcdahale Arac\u0131 Al\u00e7ak Orta \u0130ntifa F\u00fcze Rampalar\u0131 Navigasyon Sistemleri KBRN Sistemleri Taktik Ara\u00e7 Kasalar\u0131, May\u0131na Dayan\u0131kl\u0131 Vin\u00e7, Hidrolik Seviyelendirme, Platformlar\u0131, \u00d6zel...","protected":false},"author":6,"featured_media":0,"parent":0,"menu_order":0,"comment_status":"closed","ping_status":"closed","template":"","meta":{"footnotes":""},"class_list":["post-6022","page","type-page","status-publish"],"_links":{"self":[{"href":"https:\/\/savunma.spcstrategic.com.tr\/en\/wp-json\/wp\/v2\/pages\/6022","targetHints":{"allow":["GET"]}}],"collection":[{"href":"https:\/\/savunma.spcstrategic.com.tr\/en\/wp-json\/wp\/v2\/pages"}],"about":[{"href":"https:\/\/savunma.spcstrategic.com.tr\/en\/wp-json\/wp\/v2\/types\/page"}],"author":[{"embeddable":true,"href":"https:\/\/savunma.spcstrategic.com.tr\/en\/wp-json\/wp\/v2\/users\/6"}],"replies":[{"embeddable":true,"href":"https:\/\/savunma.spcstrategic.com.tr\/en\/wp-json\/wp\/v2\/comments?post=6022"}],"version-history":[{"count":18,"href":"https:\/\/savunma.spcstrategic.com.tr\/en\/wp-json\/wp\/v2\/pages\/6022\/revisions"}],"predecessor-version":[{"id":6176,"href":"https:\/\/savunma.spcstrategic.com.tr\/en\/wp-json\/wp\/v2\/pages\/6022\/revisions\/6176"}],"wp:attachment":[{"href":"https:\/\/savunma.spcstrategic.com.tr\/en\/wp-json\/wp\/v2\/media?parent=6022"}],"curies":[{"name":"wp","href":"https:\/\/api.w.org\/{rel}","templated":true}]}}